{"id":18,"date":"2014-05-10T20:46:09","date_gmt":"2014-05-10T18:46:09","guid":{"rendered":"http:\/\/solebadlaer.de\/?page_id=18"},"modified":"2025-04-27T06:42:47","modified_gmt":"2025-04-27T04:42:47","slug":"oeffnungszeiten","status":"publish","type":"page","link":"https:\/\/solebadlaer.de\/?page_id=18","title":{"rendered":"\u00d6ffnungszeiten"},"content":{"rendered":"<p class=\"has-text-align-center\">\n<h2 class=\"wp-block-heading has-text-align-center\"><strong>\u00d6ffnungszeiten 202<\/strong>5<\/h2>\n<h3 style=\"text-align: center;\"><span style=\"color: #000000;\"><span style=\"font-size: 12pt;\">Das Sole Freibad Bad Laer \u00f6ffnet t\u00e4glich (auch an Feiertagen)<br \/><\/span><span style=\"font-size: 12pt;\">\u00fcblicherweise von Anfang Mai <\/span><span style=\"font-size: 12pt;\">bis Ende August (ggf. Anfang September).\u00a0<\/span><\/span><\/h3>\n<hr \/>\n<h2 style=\"text-align: center;\">2025 \u00f6ffnet das Freibad am Samstag, 3. Mai <br \/>und schlie\u00dft voraussichtlich mit dem Zug durch die Gemeinde (30.8.)<\/h2>\n<hr \/>\n<h3 style=\"text-align: center;\"><strong>allgemeiner Badebetrieb<\/strong><\/h3>\n<h3 style=\"text-align: center;\">Montag &#8211; Freitag: 8 Uhr &#8211; 20 Uhr<br \/>Samstag, Sonntag und an Feiertagen: 9 Uhr &#8211; 19 Uhr<\/h3>\n<hr \/>\n<h3 style=\"text-align: center;\"><strong>zus\u00e4tzliche Badezeiten f\u00fcr Besitzer von Saison- und Kurkarten<br \/><\/strong>(auch Hansefit, Sportnavi.de und EGYM Wellpass (vorher Qualitrain)<\/h3>\n<h3 style=\"text-align: center;\">Montag &#8211; Freitag von 6 Uhr bis 8 Uhr<br \/>Samstag, Sonntag und an Feiertagen: 7 Uhr &#8211; 9 Uhr<\/h3>\n<hr \/>\n<p class=\"has-text-align-center\"><div style=\"width: 635px; padding: 0px; margin-bottom: 0px; border: 0px solid #000080; border-top: 0px; font-family: tahoma; color: #000080;font-size: 16px; text-align: center; -moz-border-radius: 0px 0px 0px 0px; border-radius: 0px 0px 0px 0px;\"><div style=\"padding: 0px;\">Sonntag, 19. April 2026<\/div><\/div><br \/><div style=\"width: 635px; padding: 0px; margin: 0px; border: 2px solid #004080; background-color: #000080; color: #ffffff; font-family: tahoma; font-size: 16px; font-weight: bold; text-align: center; -moz-border-radius: 5px 5px 0px 0px; border-radius: 5px 5px 0px 0px;\"><div style=\"padding: 1px;\">Heutige \u00d6ffnungszeiten<\/div><\/div>\r\n<div style=\"width: 635px; padding: 0px; margin-bottom: 10px; border: 2px solid #000080; border-top: 0px; font-family: tahoma; color: #004080;font-size: 13px; text-align: center; -moz-border-radius: 0px 0px 5px 5px; border-radius: 0px 0px 5px 5px;\"><div style=\"padding: 5px;\">Das Freibad \u00f6ffnet voraussichtlich in 27 Tagen\t (19. Apr.)<\/div><\/div><\/p>\n<\/p>\n<figure class=\"wp-block-image size-large\"><img loading=\"lazy\" decoding=\"async\" width=\"1024\" height=\"251\" src=\"http:\/\/solebadlaer.de\/wordpress\/wp-content\/uploads\/2020\/05\/rutschepan1kk-1024x251.jpg\" alt=\"\" class=\"wp-image-781\" srcset=\"https:\/\/solebadlaer.de\/wordpress\/wp-content\/uploads\/2020\/05\/rutschepan1kk-1024x251.jpg 1024w, https:\/\/solebadlaer.de\/wordpress\/wp-content\/uploads\/2020\/05\/rutschepan1kk-300x74.jpg 300w, https:\/\/solebadlaer.de\/wordpress\/wp-content\/uploads\/2020\/05\/rutschepan1kk-768x188.jpg 768w, https:\/\/solebadlaer.de\/wordpress\/wp-content\/uploads\/2020\/05\/rutschepan1kk-1536x376.jpg 1536w, https:\/\/solebadlaer.de\/wordpress\/wp-content\/uploads\/2020\/05\/rutschepan1kk-2048x502.jpg 2048w, https:\/\/solebadlaer.de\/wordpress\/wp-content\/uploads\/2020\/05\/rutschepan1kk-scaled.jpg 1920w\" sizes=\"auto, (max-width: 1024px) 100vw, 1024px\" \/><\/figure><\/p>\n","protected":false},"excerpt":{"rendered":"<p>\u00d6ffnungszeiten 2025 Das Sole Freibad Bad Laer \u00f6ffnet t\u00e4glich (auch an Feiertagen)\u00fcblicherweise von Anfang Mai bis Ende August (ggf. Anfang September).\u00a0 2025 \u00f6ffnet das Freibad am Samstag, 3. Mai und schlie\u00dft voraussichtlich mit dem Zug durch die Gemeinde (30.8.) allgemeiner &hellip; <a href=\"https:\/\/solebadlaer.de\/?page_id=18\">Weiterlesen <span class=\"meta-nav\">&rarr;<\/span><\/a><\/p>\n","protected":false},"author":1,"featured_media":0,"parent":0,"menu_order":0,"comment_status":"closed","ping_status":"closed","template":"","meta":{"ngg_post_thumbnail":0,"jetpack_post_was_ever_published":false,"footnotes":""},"class_list":["post-18","page","type-page","status-publish","hentry"],"jetpack_shortlink":"https:\/\/wp.me\/P4GklD-i","jetpack_sharing_enabled":true,"_links":{"self":[{"href":"https:\/\/solebadlaer.de\/index.php?rest_route=\/wp\/v2\/pages\/18","targetHints":{"allow":["GET"]}}],"collection":[{"href":"https:\/\/solebadlaer.de\/index.php?rest_route=\/wp\/v2\/pages"}],"about":[{"href":"https:\/\/solebadlaer.de\/index.php?rest_route=\/wp\/v2\/types\/page"}],"author":[{"embeddable":true,"href":"https:\/\/solebadlaer.de\/index.php?rest_route=\/wp\/v2\/users\/1"}],"replies":[{"embeddable":true,"href":"https:\/\/solebadlaer.de\/index.php?rest_route=%2Fwp%2Fv2%2Fcomments&post=18"}],"version-history":[{"count":52,"href":"https:\/\/solebadlaer.de\/index.php?rest_route=\/wp\/v2\/pages\/18\/revisions"}],"predecessor-version":[{"id":3085,"href":"https:\/\/solebadlaer.de\/index.php?rest_route=\/wp\/v2\/pages\/18\/revisions\/3085"}],"wp:attachment":[{"href":"https:\/\/solebadlaer.de\/index.php?rest_route=%2Fwp%2Fv2%2Fmedia&parent=18"}],"curies":[{"name":"wp","href":"https:\/\/api.w.org\/{rel}","templated":true}]}}