{"id":2152,"date":"2022-05-16T19:02:08","date_gmt":"2022-05-16T17:02:08","guid":{"rendered":"https:\/\/solebadlaer.de\/?page_id=2152"},"modified":"2022-06-07T06:53:28","modified_gmt":"2022-06-07T04:53:28","slug":"wassertemperatur","status":"publish","type":"page","link":"https:\/\/solebadlaer.de\/?page_id=2152","title":{"rendered":"Wassertemperatur"},"content":{"rendered":"<h2 style=\"text-align: center;\"><strong>Information zur Wassertemperatur<\/strong><\/h2>\n<p>aktuell:<\/p>\n<p>Seit Beginn der Saison haben wir die Heizanlage auf maximale Stufe eingestellt. Aufgrund des defekten W\u00e4rmetauschers schafft sie mittlerweile nicht einmal mehr 50% der ausgelegten Leistung.<br \/>Gegen Wind und Nachttemperaturen deutlich unter 10 Grad kommt die eingeschr\u00e4nkte Heizleistung leider nicht an, so dass wir teilweise einen W\u00e4rmeverlust von\u00a0 1\/2 bis 1 Grad pro Nacht hatten.<br \/><strong>Lt. Energieversorger soll der neue W\u00e4rmetauscher am 7.6. kommen &#8211; und dann hoffentlich auch schnell eingebaut werden.<\/strong><br \/>Ohne Wind scheint die Anlage auch bei den aktuell &#8222;frostigen&#8220; Nachttemperaturen die Wassertemperatur halten zu k\u00f6nnen. Sie hat sich vom Tiefststand (22,5 Grad) wieder deutlich gesteigert.<strong><br \/><\/strong>Durch die Wetterbesserung vor und an Pfingsten hatte sich die Wassertemperatur dann zwischen 24 und 26 Grad eingependelt.<\/p>\n<p><strong>Wir gehen davon aus, dass wir sp\u00e4testens ab dem 10.6 wieder dauerhaft die gewohnten 26-27 Grad gew\u00e4hrleisten k\u00f6nnen.<\/strong><\/p>\n<p>Wir bitten daf\u00fcr um Entschuldigung und Verst\u00e4ndnis!<\/p>\n<p>alte Info:<\/p>\n<p><div style=\"width: 160px\" class=\"wp-caption alignright\"><a href=\"https:\/\/solebadlaer.de\/wordpress\/wp-content\/uploads\/2022\/05\/tempmi.jpg\"><img loading=\"lazy\" decoding=\"async\" src=\"https:\/\/solebadlaer.de\/wordpress\/wp-content\/uploads\/2022\/05\/tempmi.jpg\" alt=\"\" width=\"150\" height=\"150\" \/><\/a><p class=\"wp-caption-text\">Wassertemperatur, Mi., 11.5. 6 Uhr<\/p><\/div><\/p>\n<p>Leider konnten wir 2022 nicht mit der gewohnten Wassertemperatur starten. Bereits Ende der letzten Saison schw\u00e4chelte unser W\u00e4rmetauscher.\u00a0 Der im vergangenen September bestellte neue W\u00e4rmetauscher ist leider immer noch nicht eingetroffen. Deshalb mussten wir wegen diese Saison\u00a0 mit &#8222;nur&#8220; 23 Grad starten.<\/p>\n<p>Seitdem die N\u00e4chte aber nicht mehr so kalt sind, hat sich die Wassertemperatur <strong>seit dem 11.5. um ca. 26 Grad einpendelt.<\/strong><\/p>\n<p>Wir hoffen, dass sich die kalten Tage nun vorbei sind. <br \/>Die Heizleistung reicht aber vor allem bei k\u00fchlen N\u00e4chten weiterhin nicht aus.\u00a0<br \/>Sollten es also noch einmal zu N\u00e4chten mit Lufttemperaturen unter 10 Grad geben, k\u00f6nnten wir Wassertemperaturen zwischen 26 und 27 Grad leider nicht garantieren. Dann muss leider wieder mit Temperaturen um 25 Grad gerechnet werden.<\/p>\n","protected":false},"excerpt":{"rendered":"<p>Information zur Wassertemperatur aktuell: Seit Beginn der Saison haben wir die Heizanlage auf maximale Stufe eingestellt. Aufgrund des defekten W\u00e4rmetauschers schafft sie mittlerweile nicht einmal mehr 50% der ausgelegten Leistung.Gegen Wind und Nachttemperaturen deutlich unter 10 Grad kommt die eingeschr\u00e4nkte &hellip; <a href=\"https:\/\/solebadlaer.de\/?page_id=2152\">Weiterlesen <span class=\"meta-nav\">&rarr;<\/span><\/a><\/p>\n","protected":false},"author":2,"featured_media":0,"parent":0,"menu_order":0,"comment_status":"closed","ping_status":"closed","template":"","meta":{"ngg_post_thumbnail":0,"jetpack_post_was_ever_published":false,"footnotes":""},"class_list":["post-2152","page","type-page","status-publish","hentry"],"jetpack_shortlink":"https:\/\/wp.me\/P4GklD-yI","jetpack_sharing_enabled":true,"_links":{"self":[{"href":"https:\/\/solebadlaer.de\/index.php?rest_route=\/wp\/v2\/pages\/2152","targetHints":{"allow":["GET"]}}],"collection":[{"href":"https:\/\/solebadlaer.de\/index.php?rest_route=\/wp\/v2\/pages"}],"about":[{"href":"https:\/\/solebadlaer.de\/index.php?rest_route=\/wp\/v2\/types\/page"}],"author":[{"embeddable":true,"href":"https:\/\/solebadlaer.de\/index.php?rest_route=\/wp\/v2\/users\/2"}],"replies":[{"embeddable":true,"href":"https:\/\/solebadlaer.de\/index.php?rest_route=%2Fwp%2Fv2%2Fcomments&post=2152"}],"version-history":[{"count":6,"href":"https:\/\/solebadlaer.de\/index.php?rest_route=\/wp\/v2\/pages\/2152\/revisions"}],"predecessor-version":[{"id":2226,"href":"https:\/\/solebadlaer.de\/index.php?rest_route=\/wp\/v2\/pages\/2152\/revisions\/2226"}],"wp:attachment":[{"href":"https:\/\/solebadlaer.de\/index.php?rest_route=%2Fwp%2Fv2%2Fmedia&parent=2152"}],"curies":[{"name":"wp","href":"https:\/\/api.w.org\/{rel}","templated":true}]}}