{"id":24,"date":"2014-05-10T20:46:09","date_gmt":"2014-05-10T18:46:09","guid":{"rendered":"http:\/\/solebadlaer.de\/?page_id=24"},"modified":"2023-06-24T08:55:19","modified_gmt":"2023-06-24T06:55:19","slug":"soleperle","status":"publish","type":"page","link":"https:\/\/solebadlaer.de\/?page_id=24","title":{"rendered":"Soleperle"},"content":{"rendered":"<p><span style=\"font-family: arial,helvetica,sans-serif;\">Die Soleperle bietet Kaffee, Tee, Kakao und Kaltgetr\u00e4nke, Eis, S\u00fc\u00dfigkeiten, kleine Snacks (Brezel, Sandwichtoast) und alles, was man vor und nach dem Schwimmen braucht (Schwimmbrillen, Poolnudel, Sonnenschutz und vieles mehr&#8230;).<\/span><\/p>\n<p><span style=\"font-family: arial,helvetica,sans-serif;\">Bei gutem Wetter werden auch Pommes, Brat-\/Currywurst und H\u00e4hnchennuggets angeboten.<\/span><\/p>\n<p><span style=\"font-family: arial,helvetica,sans-serif;\"><span style=\"font-family: arial,helvetica,sans-serif;\">Auf Nachfrage k\u00f6nnen f\u00fcr Gruppen (z.B. auch Kindergeburtstage) Fr\u00fchst\u00fcck oder anderes Essen bestellt werden.<\/span><\/span><\/p>\n<figure class=\"wp-block-image size-large\"><a href=\"https:\/\/solebadlaer.de\/wordpress\/wp-content\/uploads\/2020\/05\/20200525_155522-scaled.jpg\"><img loading=\"lazy\" decoding=\"async\" width=\"2560\" height=\"1440\" src=\"https:\/\/solebadlaer.de\/wordpress\/wp-content\/uploads\/2023\/06\/20200525_155522-edited-scaled.jpg\" alt=\"\" class=\"wp-image-2724\" srcset=\"https:\/\/solebadlaer.de\/wordpress\/wp-content\/uploads\/2023\/06\/20200525_155522-edited-scaled.jpg 2560w, https:\/\/solebadlaer.de\/wordpress\/wp-content\/uploads\/2023\/06\/20200525_155522-edited-300x169.jpg 300w, https:\/\/solebadlaer.de\/wordpress\/wp-content\/uploads\/2023\/06\/20200525_155522-edited-1024x576.jpg 1024w, https:\/\/solebadlaer.de\/wordpress\/wp-content\/uploads\/2023\/06\/20200525_155522-edited-768x432.jpg 768w, https:\/\/solebadlaer.de\/wordpress\/wp-content\/uploads\/2023\/06\/20200525_155522-edited-1536x864.jpg 1536w, https:\/\/solebadlaer.de\/wordpress\/wp-content\/uploads\/2023\/06\/20200525_155522-edited-2048x1152.jpg 2048w\" sizes=\"auto, (max-width: 2560px) 100vw, 2560px\" \/><\/a><figcaption class=\"wp-element-caption\">Soleperle und Umkleidebereich<\/figcaption><\/figure>\n","protected":false},"excerpt":{"rendered":"<p>Die Soleperle bietet Kaffee, Tee, Kakao und Kaltgetr\u00e4nke, Eis, S\u00fc\u00dfigkeiten, kleine Snacks (Brezel, Sandwichtoast) und alles, was man vor und nach dem Schwimmen braucht (Schwimmbrillen, Poolnudel, Sonnenschutz und vieles mehr&#8230;). Bei gutem Wetter werden auch Pommes, Brat-\/Currywurst und H\u00e4hnchennuggets angeboten. &hellip; <a href=\"https:\/\/solebadlaer.de\/?page_id=24\">Weiterlesen <span class=\"meta-nav\">&rarr;<\/span><\/a><\/p>\n","protected":false},"author":1,"featured_media":0,"parent":0,"menu_order":0,"comment_status":"closed","ping_status":"closed","template":"","meta":{"ngg_post_thumbnail":0,"jetpack_post_was_ever_published":false,"footnotes":""},"class_list":["post-24","page","type-page","status-publish","hentry"],"jetpack_shortlink":"https:\/\/wp.me\/P4GklD-o","jetpack_sharing_enabled":true,"_links":{"self":[{"href":"https:\/\/solebadlaer.de\/index.php?rest_route=\/wp\/v2\/pages\/24","targetHints":{"allow":["GET"]}}],"collection":[{"href":"https:\/\/solebadlaer.de\/index.php?rest_route=\/wp\/v2\/pages"}],"about":[{"href":"https:\/\/solebadlaer.de\/index.php?rest_route=\/wp\/v2\/types\/page"}],"author":[{"embeddable":true,"href":"https:\/\/solebadlaer.de\/index.php?rest_route=\/wp\/v2\/users\/1"}],"replies":[{"embeddable":true,"href":"https:\/\/solebadlaer.de\/index.php?rest_route=%2Fwp%2Fv2%2Fcomments&post=24"}],"version-history":[{"count":14,"href":"https:\/\/solebadlaer.de\/index.php?rest_route=\/wp\/v2\/pages\/24\/revisions"}],"predecessor-version":[{"id":2725,"href":"https:\/\/solebadlaer.de\/index.php?rest_route=\/wp\/v2\/pages\/24\/revisions\/2725"}],"wp:attachment":[{"href":"https:\/\/solebadlaer.de\/index.php?rest_route=%2Fwp%2Fv2%2Fmedia&parent=24"}],"curies":[{"name":"wp","href":"https:\/\/api.w.org\/{rel}","templated":true}]}}