{"id":2692,"date":"2023-06-18T19:10:28","date_gmt":"2023-06-18T17:10:28","guid":{"rendered":"https:\/\/solebadlaer.de\/?page_id=2692"},"modified":"2023-06-18T19:10:29","modified_gmt":"2023-06-18T17:10:29","slug":"sauna","status":"publish","type":"page","link":"https:\/\/solebadlaer.de\/?page_id=2692","title":{"rendered":"Sauna"},"content":{"rendered":"<h2 class=\"wp-block-heading\"><strong>Regelm\u00e4\u00dfige \u00d6ffnung der Fass-Sauna!<\/strong><\/h2>\n<div class=\"wp-block-image\">\n<figure class=\"alignright\"><a href=\"https:\/\/solebadlaer.de\/wordpress\/wp-content\/uploads\/2023\/05\/sauna_k.jpg\"><img decoding=\"async\" src=\"https:\/\/solebadlaer.de\/wordpress\/wp-content\/uploads\/2023\/05\/sauna_k.jpg\" alt=\"\"\/><\/a><\/figure>\n<\/div>\n<p>Die Sauna \u00f6ffnet seit dem 1. Juni regelm\u00e4\u00dfig an jedem Vormittag mit &#8222;<strong>D<\/strong>&#8220; &#8211; also <strong>D<\/strong>ienstags, <strong>D<\/strong>onnerstag und Sonnaben<strong>D <\/strong>(Sa) jeweils vormittags von 8 Uhr bis um 13 Uhr.<\/p>\n<p>Bitte bringen Sie f\u00fcr die Textilsauna Badekleidung und ein separates Handtuch mit.<br \/>Der Zugang zur Sauna ist im Eintrittspreis des Solefreibads inbegriffen. Kindern und Jugendlichen ist der Zutritt nur in Begleitung einer erwachsenen Begleitperson gestattet.<\/p>\n","protected":false},"excerpt":{"rendered":"<p>Regelm\u00e4\u00dfige \u00d6ffnung der Fass-Sauna! Die Sauna \u00f6ffnet seit dem 1. Juni regelm\u00e4\u00dfig an jedem Vormittag mit &#8222;D&#8220; &#8211; also Dienstags, Donnerstag und SonnabenD (Sa) jeweils vormittags von 8 Uhr bis um 13 Uhr. Bitte bringen Sie f\u00fcr die Textilsauna Badekleidung &hellip; <a href=\"https:\/\/solebadlaer.de\/?page_id=2692\">Weiterlesen <span class=\"meta-nav\">&rarr;<\/span><\/a><\/p>\n","protected":false},"author":2,"featured_media":0,"parent":0,"menu_order":0,"comment_status":"closed","ping_status":"closed","template":"","meta":{"ngg_post_thumbnail":0,"jetpack_post_was_ever_published":false,"footnotes":""},"class_list":["post-2692","page","type-page","status-publish","hentry"],"jetpack_shortlink":"https:\/\/wp.me\/P4GklD-Hq","jetpack_sharing_enabled":true,"_links":{"self":[{"href":"https:\/\/solebadlaer.de\/index.php?rest_route=\/wp\/v2\/pages\/2692","targetHints":{"allow":["GET"]}}],"collection":[{"href":"https:\/\/solebadlaer.de\/index.php?rest_route=\/wp\/v2\/pages"}],"about":[{"href":"https:\/\/solebadlaer.de\/index.php?rest_route=\/wp\/v2\/types\/page"}],"author":[{"embeddable":true,"href":"https:\/\/solebadlaer.de\/index.php?rest_route=\/wp\/v2\/users\/2"}],"replies":[{"embeddable":true,"href":"https:\/\/solebadlaer.de\/index.php?rest_route=%2Fwp%2Fv2%2Fcomments&post=2692"}],"version-history":[{"count":1,"href":"https:\/\/solebadlaer.de\/index.php?rest_route=\/wp\/v2\/pages\/2692\/revisions"}],"predecessor-version":[{"id":2694,"href":"https:\/\/solebadlaer.de\/index.php?rest_route=\/wp\/v2\/pages\/2692\/revisions\/2694"}],"wp:attachment":[{"href":"https:\/\/solebadlaer.de\/index.php?rest_route=%2Fwp%2Fv2%2Fmedia&parent=2692"}],"curies":[{"name":"wp","href":"https:\/\/api.w.org\/{rel}","templated":true}]}}