{"id":2695,"date":"2023-06-22T06:55:47","date_gmt":"2023-06-22T04:55:47","guid":{"rendered":"https:\/\/solebadlaer.de\/?page_id=2695"},"modified":"2023-06-22T07:34:21","modified_gmt":"2023-06-22T05:34:21","slug":"besucherregeln","status":"publish","type":"page","link":"https:\/\/solebadlaer.de\/?page_id=2695","title":{"rendered":"Besucherregeln"},"content":{"rendered":"<p><strong>Allgemeines<\/strong><\/p>\n<p>Gehen Sie mit R\u00fccksichtnahme und respektvoll mit anderen Badeg\u00e4sten, dem Personal und den Einrichtungen des Schwimmbads um. <br \/>Anweisungen des Personals ist Folge zu leisten.<\/p>\n<div class=\"wp-block-image\">\n<figure class=\"alignright size-large is-resized\"><a href=\"https:\/\/solebadlaer.de\/wordpress\/wp-content\/uploads\/2023\/06\/haustiere-verboten-schild-illustration-vektor.jpg\"><img loading=\"lazy\" decoding=\"async\" src=\"https:\/\/solebadlaer.de\/wordpress\/wp-content\/uploads\/2023\/06\/haustiere-verboten-schild-illustration-vektor-1024x1024.jpg\" alt=\"\" class=\"wp-image-2705\" width=\"85\" height=\"85\" srcset=\"https:\/\/solebadlaer.de\/wordpress\/wp-content\/uploads\/2023\/06\/haustiere-verboten-schild-illustration-vektor-1024x1024.jpg 1024w, https:\/\/solebadlaer.de\/wordpress\/wp-content\/uploads\/2023\/06\/haustiere-verboten-schild-illustration-vektor-300x300.jpg 300w, https:\/\/solebadlaer.de\/wordpress\/wp-content\/uploads\/2023\/06\/haustiere-verboten-schild-illustration-vektor-150x150.jpg 150w, https:\/\/solebadlaer.de\/wordpress\/wp-content\/uploads\/2023\/06\/haustiere-verboten-schild-illustration-vektor-768x768.jpg 768w, https:\/\/solebadlaer.de\/wordpress\/wp-content\/uploads\/2023\/06\/haustiere-verboten-schild-illustration-vektor-1536x1536.jpg 1536w, https:\/\/solebadlaer.de\/wordpress\/wp-content\/uploads\/2023\/06\/haustiere-verboten-schild-illustration-vektor.jpg 1920w\" sizes=\"auto, (max-width: 85px) 100vw, 85px\" \/><\/a><\/figure>\n<\/div>\n<p class=\"has-text-align-left\">Haustiere, wie z.B. Hunde und Katzen d\u00fcrfen nicht ins Freibad mitgenommen werden.<br \/>Nacktbaden und unbekleidetes Sonnen ist nicht gestattet. Das gilt gleichfalls f\u00fcr die Nutzung der Sauna.<\/p>\n<p class=\"has-text-align-left\">Bringen Sie m\u00f6glichst wenige\/keine Wertsachen mit ins Freibad. Sie k\u00f6nnen diese zwar in die Schlie\u00dff\u00e4cher einschlie\u00dfen. Das Freibad \u00fcbernimmt aber in keinem Fall irgend eine Haftung f\u00fcr verlorene oder anderweitig vermisste Wertsachen oder Gegenst\u00e4nde.<\/p>\n<p><strong>Auf der Wiese<\/strong><\/p>\n<div class=\"wp-block-image\">\n<figure class=\"alignright size-full is-resized\"><a href=\"https:\/\/solebadlaer.de\/wordpress\/wp-content\/uploads\/2023\/06\/Laute-Musik-verboten7.jpg\"><img loading=\"lazy\" decoding=\"async\" src=\"https:\/\/solebadlaer.de\/wordpress\/wp-content\/uploads\/2023\/06\/Laute-Musik-verboten7.jpg\" alt=\"\" class=\"wp-image-2702\" width=\"161\" height=\"154\" srcset=\"https:\/\/solebadlaer.de\/wordpress\/wp-content\/uploads\/2023\/06\/Laute-Musik-verboten7.jpg 589w, https:\/\/solebadlaer.de\/wordpress\/wp-content\/uploads\/2023\/06\/Laute-Musik-verboten7-300x287.jpg 300w\" sizes=\"auto, (max-width: 161px) 100vw, 161px\" \/><\/a><\/figure>\n<\/div>\n<p>Selbstverst\u00e4ndlich d\u00fcrfen Sie Essen, Getr\u00e4nke und Spielsachen mit ins Freibad bringen. Bitte hinterlassen Sie Ihren Liegeplatz anschlie\u00dfend so sauber, wie Sie ihn vorgefunden haben.<br \/>Wenn Sie Musik, Radio oder H\u00f6rb\u00fccher genie\u00dfen wollen, nutzen Sie bitte Ohrh\u00f6rer oder Kopfh\u00f6rer, damit andere Badeg\u00e4ste nicht gest\u00f6rt werden.<br \/>Das Mitbringen und die Nutzung von Ger\u00e4ten wie Grills oder Wasserpfeifen ist nicht gestattet. Bitte fragen Sie im Zweifel unsere Mitarbeiter.<\/p>\n<p><strong>Im Wasser<\/strong><\/p>\n<div class=\"wp-block-image\">\n<figure class=\"alignright size-large is-resized\"><a href=\"https:\/\/solebadlaer.de\/wordpress\/wp-content\/uploads\/2023\/06\/Nichtschwimmner-1080x675-1.jpg\"><img loading=\"lazy\" decoding=\"async\" src=\"https:\/\/solebadlaer.de\/wordpress\/wp-content\/uploads\/2023\/06\/Nichtschwimmner-1080x675-1-1024x640.jpg\" alt=\"\" class=\"wp-image-2708\" width=\"391\" height=\"244\" srcset=\"https:\/\/solebadlaer.de\/wordpress\/wp-content\/uploads\/2023\/06\/Nichtschwimmner-1080x675-1-1024x640.jpg 1024w, https:\/\/solebadlaer.de\/wordpress\/wp-content\/uploads\/2023\/06\/Nichtschwimmner-1080x675-1-300x188.jpg 300w, https:\/\/solebadlaer.de\/wordpress\/wp-content\/uploads\/2023\/06\/Nichtschwimmner-1080x675-1-768x480.jpg 768w, https:\/\/solebadlaer.de\/wordpress\/wp-content\/uploads\/2023\/06\/Nichtschwimmner-1080x675-1.jpg 1080w\" sizes=\"auto, (max-width: 391px) 100vw, 391px\" \/><\/a><\/figure>\n<\/div>\n<p>Nichtschwimmer d\u00fcrfen sich nur in den Bereichen im Wasser aufhalten, an denen Sie stehen k\u00f6nnen. Insbesondere Kinder, die noch nicht selbstst\u00e4ndig schwimmen k\u00f6nnen, m\u00fcssen im Wasser immer von einer Aufsiuchtsperson (z.B. Eltern) begleitet werden. Das gilt auch dann, wenn diese Kinder mit einer Schwimmhilfe (z.B. Schwimmfl\u00fcgel) schwimmen k\u00f6nnen.<\/p>\n<div class=\"wp-block-image\">\n<figure class=\"alignright size-full is-resized\"><a href=\"https:\/\/solebadlaer.de\/wordpress\/wp-content\/uploads\/2023\/06\/intex-Lama-2-.jpg\"><img loading=\"lazy\" decoding=\"async\" src=\"https:\/\/solebadlaer.de\/wordpress\/wp-content\/uploads\/2023\/06\/intex-Lama-2-.jpg\" alt=\"\" class=\"wp-image-2710\" width=\"101\" height=\"133\" srcset=\"https:\/\/solebadlaer.de\/wordpress\/wp-content\/uploads\/2023\/06\/intex-Lama-2-.jpg 740w, https:\/\/solebadlaer.de\/wordpress\/wp-content\/uploads\/2023\/06\/intex-Lama-2--227x300.jpg 227w\" sizes=\"auto, (max-width: 101px) 100vw, 101px\" \/><\/a><\/figure>\n<\/div>\n<p>Die Nutzung von Gegenst\u00e4nden wie Schwimmringen, Luftmatratzen, B\u00e4llen, etc. ist im Wasser gestattet, soweit diese f\u00fcr den Gebrauch im Wasser geeignet und sauber sind &#8211; und deren Nutzung andere Badeg\u00e4ste nicht beeintr\u00e4chtigt. Bei vollerem Becken kann diese Erlaubnis durch die Badeaufsicht jederzeit eingeschr\u00e4nkt oder aufgehoben werden.<\/p>\n<p><strong>Hygiene<\/strong><\/p>\n<div class=\"wp-block-image\">\n<figure class=\"alignright size-full is-resized\"><a href=\"https:\/\/solebadlaer.de\/wordpress\/wp-content\/uploads\/2023\/06\/duschen.jpg\"><img loading=\"lazy\" decoding=\"async\" src=\"https:\/\/solebadlaer.de\/wordpress\/wp-content\/uploads\/2023\/06\/duschen.jpg\" alt=\"\" class=\"wp-image-2703\" width=\"182\" height=\"263\" srcset=\"https:\/\/solebadlaer.de\/wordpress\/wp-content\/uploads\/2023\/06\/duschen.jpg 383w, https:\/\/solebadlaer.de\/wordpress\/wp-content\/uploads\/2023\/06\/duschen-208x300.jpg 208w\" sizes=\"auto, (max-width: 182px) 100vw, 182px\" \/><\/a><\/figure>\n<\/div>\n<p>Das Wasser bitte nur (und ausschlie\u00dflich) mit Badekleidung betreten. Baden und Schwimmen in Unterw\u00e4sche (auch unter der Badekleidung) ist nicht gestattet.<\/p>\n<p>Vor jedem Baden\/Schwimmen bitte Abduschen (kalt oder warm).<br \/>Achten Sie bitte auch darauf, dass Ihr Sonnenschutz (Sonnencreme) gut in die Haut eingezogen ist und verbleibende Reste abgeduscht werden und nicht im Badewasser landen.<\/p>\n<p>Die Duschen sind ausschlie\u00dflich f\u00fcr das normale Abduschen \/ Waschen zu nutzen &#8211; nicht aber f\u00fcr andere T\u00e4tigkeiten, wie z.B. Rasieren.<\/p>\n","protected":false},"excerpt":{"rendered":"<p>Allgemeines Gehen Sie mit R\u00fccksichtnahme und respektvoll mit anderen Badeg\u00e4sten, dem Personal und den Einrichtungen des Schwimmbads um. Anweisungen des Personals ist Folge zu leisten. Haustiere, wie z.B. Hunde und Katzen d\u00fcrfen nicht ins Freibad mitgenommen werden.Nacktbaden und unbekleidetes Sonnen &hellip; <a href=\"https:\/\/solebadlaer.de\/?page_id=2695\">Weiterlesen <span class=\"meta-nav\">&rarr;<\/span><\/a><\/p>\n","protected":false},"author":2,"featured_media":0,"parent":0,"menu_order":0,"comment_status":"closed","ping_status":"closed","template":"","meta":{"ngg_post_thumbnail":0,"jetpack_post_was_ever_published":false,"footnotes":""},"class_list":["post-2695","page","type-page","status-publish","hentry"],"jetpack_shortlink":"https:\/\/wp.me\/P4GklD-Ht","jetpack_sharing_enabled":true,"_links":{"self":[{"href":"https:\/\/solebadlaer.de\/index.php?rest_route=\/wp\/v2\/pages\/2695","targetHints":{"allow":["GET"]}}],"collection":[{"href":"https:\/\/solebadlaer.de\/index.php?rest_route=\/wp\/v2\/pages"}],"about":[{"href":"https:\/\/solebadlaer.de\/index.php?rest_route=\/wp\/v2\/types\/page"}],"author":[{"embeddable":true,"href":"https:\/\/solebadlaer.de\/index.php?rest_route=\/wp\/v2\/users\/2"}],"replies":[{"embeddable":true,"href":"https:\/\/solebadlaer.de\/index.php?rest_route=%2Fwp%2Fv2%2Fcomments&post=2695"}],"version-history":[{"count":8,"href":"https:\/\/solebadlaer.de\/index.php?rest_route=\/wp\/v2\/pages\/2695\/revisions"}],"predecessor-version":[{"id":2713,"href":"https:\/\/solebadlaer.de\/index.php?rest_route=\/wp\/v2\/pages\/2695\/revisions\/2713"}],"wp:attachment":[{"href":"https:\/\/solebadlaer.de\/index.php?rest_route=%2Fwp%2Fv2%2Fmedia&parent=2695"}],"curies":[{"name":"wp","href":"https:\/\/api.w.org\/{rel}","templated":true}]}}