{"id":30,"date":"2014-05-10T20:46:09","date_gmt":"2014-05-10T18:46:09","guid":{"rendered":"http:\/\/solebadlaer.de\/?page_id=30"},"modified":"2020-06-02T18:27:47","modified_gmt":"2020-06-02T16:27:47","slug":"impressum","status":"publish","type":"page","link":"https:\/\/solebadlaer.de\/?page_id=30","title":{"rendered":"Impressum"},"content":{"rendered":"<p><span style=\"color: #000080;\">Diese Seite ist keine offizielle Seite des Solefreibades Bad Laer, sondern eine private und nicht kommerzielle Seite mit Informationen \u00fcber das Solefreibad. Deshalb sind alle Angaben ohne Gew\u00e4hr!<\/span><\/p>\n<p>Verantwortlich f\u00fcr diese Seite ist<\/p>\n<p>Ulli Tschauder<br \/>Windm\u00fchlenstr. 4<br \/>49219 Glandorf<\/p>\n<p>Email: <a href=\"mailto:mail@solebadlaer.de\">mail@solebadlaer.de<\/a><\/p><\/p>\n","protected":false},"excerpt":{"rendered":"<p>Diese Seite ist keine offizielle Seite des Solefreibades Bad Laer, sondern eine private und nicht kommerzielle Seite mit Informationen \u00fcber das Solefreibad. Deshalb sind alle Angaben ohne Gew\u00e4hr! Verantwortlich f\u00fcr diese Seite ist Ulli TschauderWindm\u00fchlenstr. 449219 Glandorf Email: mail@solebadlaer.de<\/p>\n","protected":false},"author":1,"featured_media":0,"parent":0,"menu_order":0,"comment_status":"closed","ping_status":"closed","template":"","meta":{"ngg_post_thumbnail":0,"jetpack_post_was_ever_published":false,"footnotes":""},"class_list":["post-30","page","type-page","status-publish","hentry"],"jetpack_shortlink":"https:\/\/wp.me\/P4GklD-u","jetpack_sharing_enabled":true,"_links":{"self":[{"href":"https:\/\/solebadlaer.de\/index.php?rest_route=\/wp\/v2\/pages\/30","targetHints":{"allow":["GET"]}}],"collection":[{"href":"https:\/\/solebadlaer.de\/index.php?rest_route=\/wp\/v2\/pages"}],"about":[{"href":"https:\/\/solebadlaer.de\/index.php?rest_route=\/wp\/v2\/types\/page"}],"author":[{"embeddable":true,"href":"https:\/\/solebadlaer.de\/index.php?rest_route=\/wp\/v2\/users\/1"}],"replies":[{"embeddable":true,"href":"https:\/\/solebadlaer.de\/index.php?rest_route=%2Fwp%2Fv2%2Fcomments&post=30"}],"version-history":[{"count":9,"href":"https:\/\/solebadlaer.de\/index.php?rest_route=\/wp\/v2\/pages\/30\/revisions"}],"predecessor-version":[{"id":615,"href":"https:\/\/solebadlaer.de\/index.php?rest_route=\/wp\/v2\/pages\/30\/revisions\/615"}],"wp:attachment":[{"href":"https:\/\/solebadlaer.de\/index.php?rest_route=%2Fwp%2Fv2%2Fmedia&parent=30"}],"curies":[{"name":"wp","href":"https:\/\/api.w.org\/{rel}","templated":true}]}}