{"id":308,"date":"2019-04-30T13:46:15","date_gmt":"2019-04-30T11:46:15","guid":{"rendered":"http:\/\/solebadlaer.de\/?page_id=308"},"modified":"2021-06-01T08:24:00","modified_gmt":"2021-06-01T06:24:00","slug":"jugendschwimmabzeichen-bronze","status":"publish","type":"page","link":"https:\/\/solebadlaer.de\/?page_id=308","title":{"rendered":"Schwimmabzeichen Bronze \/ Freischwimmer"},"content":{"rendered":"<h2 class=\"wp-block-heading\">Schwimmabzeichen Bronze \/ Freischwimmer<\/h2>\n<figure class=\"wp-block-image\"><img decoding=\"async\" src=\"https:\/\/www.dlrg.net\/global\/Apps\/Asset\/assetService.php?db=assets&amp;aid=00001348&amp;wm=no&amp;v=o\" alt=\"DSA - Bronze\"\/><\/figure>\n<p>G\u00fcltig ab 01.01.2020<\/p>\n<p><strong>Praktische Pr\u00fcfungsleistungen<\/strong><\/p>\n<ul class=\"wp-block-list\">\n<li>einmal ca. 2 m Tieftauchen von der Wasseroberfl\u00e4che mit Heraufholen eines Gegenstandes (z.B.: kleiner Tauchring)<\/li>\n<li>ein Paketsprung vom Startblock oder 1 m-Brett<\/li>\n<li>Sprung kopfw\u00e4rts vom Beckenrand und 15 Minuten Schwimmen. In dieser Zeit sind mindestens 200 m zur\u00fcckzulegen, davon 150 m in Bauch- oder R\u00fcckenlage in einer erkennbaren Schwimmart und 50&nbsp;m in der anderen K\u00f6rperlage (Wechsel der K\u00f6rperlage w\u00e4hrend des Schwimmens auf der Schwimmbahn ohne Festhalten)<\/li>\n<\/ul>\n<p><strong>Theoretische Pr\u00fcfungsleistungen<\/strong><\/p>\n<ul class=\"wp-block-list\">\n<li>Die theoretische Pr\u00fcfung umfasst die Kenntnis von Baderegeln<\/li>\n<\/ul>\n<p><strong>Alle Pr\u00fcfungen sind ohne Hilfsmittel (z.B. Auftriebshilfen, Schwimmbrille, K\u00e4lteschutz, &#8230;) abzulegen<\/strong><\/p>\n","protected":false},"excerpt":{"rendered":"<p>Schwimmabzeichen Bronze \/ Freischwimmer G\u00fcltig ab 01.01.2020 Praktische Pr\u00fcfungsleistungen einmal ca. 2 m Tieftauchen von der Wasseroberfl\u00e4che mit Heraufholen eines Gegenstandes (z.B.: kleiner Tauchring) ein Paketsprung vom Startblock oder 1 m-Brett Sprung kopfw\u00e4rts vom Beckenrand und 15 Minuten Schwimmen. In &hellip; <a href=\"https:\/\/solebadlaer.de\/?page_id=308\">Weiterlesen <span class=\"meta-nav\">&rarr;<\/span><\/a><\/p>\n","protected":false},"author":2,"featured_media":353,"parent":304,"menu_order":0,"comment_status":"closed","ping_status":"closed","template":"","meta":{"ngg_post_thumbnail":0,"jetpack_post_was_ever_published":false,"footnotes":""},"class_list":["post-308","page","type-page","status-publish","has-post-thumbnail","hentry"],"jetpack_shortlink":"https:\/\/wp.me\/P4GklD-4Y","jetpack_sharing_enabled":true,"_links":{"self":[{"href":"https:\/\/solebadlaer.de\/index.php?rest_route=\/wp\/v2\/pages\/308","targetHints":{"allow":["GET"]}}],"collection":[{"href":"https:\/\/solebadlaer.de\/index.php?rest_route=\/wp\/v2\/pages"}],"about":[{"href":"https:\/\/solebadlaer.de\/index.php?rest_route=\/wp\/v2\/types\/page"}],"author":[{"embeddable":true,"href":"https:\/\/solebadlaer.de\/index.php?rest_route=\/wp\/v2\/users\/2"}],"replies":[{"embeddable":true,"href":"https:\/\/solebadlaer.de\/index.php?rest_route=%2Fwp%2Fv2%2Fcomments&post=308"}],"version-history":[{"count":7,"href":"https:\/\/solebadlaer.de\/index.php?rest_route=\/wp\/v2\/pages\/308\/revisions"}],"predecessor-version":[{"id":1704,"href":"https:\/\/solebadlaer.de\/index.php?rest_route=\/wp\/v2\/pages\/308\/revisions\/1704"}],"up":[{"embeddable":true,"href":"https:\/\/solebadlaer.de\/index.php?rest_route=\/wp\/v2\/pages\/304"}],"wp:featuredmedia":[{"embeddable":true,"href":"https:\/\/solebadlaer.de\/index.php?rest_route=\/wp\/v2\/media\/353"}],"wp:attachment":[{"href":"https:\/\/solebadlaer.de\/index.php?rest_route=%2Fwp%2Fv2%2Fmedia&parent=308"}],"curies":[{"name":"wp","href":"https:\/\/api.w.org\/{rel}","templated":true}]}}