{"id":555,"date":"2020-05-22T15:30:47","date_gmt":"2020-05-22T13:30:47","guid":{"rendered":"http:\/\/solebadlaer.de\/?page_id=555"},"modified":"2020-05-22T15:30:48","modified_gmt":"2020-05-22T13:30:48","slug":"pressemeldung-mai-22-2020","status":"publish","type":"page","link":"https:\/\/solebadlaer.de\/?page_id=555","title":{"rendered":"Pressemeldung Mai 22 2020"},"content":{"rendered":"<p><strong>Wiederer\u00f6ffnung des Sole-Freibads in Bad Laer: Die Saison startet am 28. Mai<\/strong><\/p>\n<p>Gute Nachrichten f\u00fcr Wasserratten: Aufgrund der angek\u00fcndigten Lockerungen der Corona-Schutzma\u00dfnahmen seitens der Nieders\u00e4chsischen Landesregierung beginnt die Freibadsaison im Bad Laerer Sole-Freibad am <strong>Donnerstag, den 28. Mai 2020,<\/strong> unter Vorbehalt der noch zu erwartenden neuen Verordnung.<\/p>\n<p>\u201eDas Team des Freibads und die Gemeindeverwaltung haben mit allen Kr\u00e4ften daran gearbeitet, den B\u00fcrgerinnen und B\u00fcrgern in Bad Laer auch unter den besonderen Umst\u00e4nden in diesem Jahr die Nutzung des Sole-Freibads zu erm\u00f6glichen\u201c, erkl\u00e4rt B\u00fcrgermeister Tobias Avermann. Da im allt\u00e4glichen Leben viele Sport- und Freizeitm\u00f6glichkeiten entfallen oder nur noch eingeschr\u00e4nkt nutzbar seien, sei es allen Beteiligten ein gro\u00dfes Anliegen gewesen, die Badeanstalt zug\u00e4nglich zu machen. \u201eHierf\u00fcr ist die Einhaltung wichtiger Auflagen zum Schutz vor Corona-Neuinfektionen unabdingbar. Wir bitten daher bei unseren G\u00e4sten um Verst\u00e4ndnis f\u00fcr die getroffenen Ma\u00dfnahmen\u201c, erg\u00e4nzt der Betreiber des Freibades Lars Gehlhaar.<\/p>\n<p>So wird aufgrund der geltenden Abstandsregelungen nur eine begrenzte Anzahl von G\u00e4sten zeitgleich im Sole-Freibad sein d\u00fcrfen. Um dies gew\u00e4hrleisten zu k\u00f6nnen, f\u00fchrt man in Bad Laer Zeitfenster f\u00fcr den Schwimmbadbesuch ein. Hierdurch soll es m\u00f6glichst vielen B\u00fcrgern und G\u00e4sten erm\u00f6glicht werden, das Freibad zu nutzen. 15 Minuten vor Ablaufen des jeweiligen Zeitfensters m\u00fcssen die G\u00e4ste das Wasser verlassen. Mit Ende des Zeitfensters verlassen alle G\u00e4ste die Badeanstalt.<\/p>\n<p>Zwischen den Schwimmzeiten wird es Pausen von 30 Minuten geben. Diese zeitlichen Unterbrechungen werden dazu genutzt, um im Bad eine Zwischenreinigung und eine Desinfektion durchzuf\u00fchren.<\/p>\n<p>Um f\u00fcr die gr\u00f6\u00dftm\u00f6gliche Sicherheit der k\u00fcnftigen Badeg\u00e4ste zu sorgen, wird dieses Vorgehen vorab anhand von Probedurchl\u00e4ufen erprobt.<\/p>\n<p>Auch auf den Kartenverkauf wird die derzeitige Situation Auswirkungen haben: <strong>Reservierungen jeglicher Art seien leider nicht m\u00f6glich<\/strong>, erkl\u00e4rt Gehlhaar. Eintrittskarten gelten personenbezogen und k\u00f6nnen nur direkt an der Kasse erworben werden. Das bedeutet, dass nur f\u00fcr direkt an der Kasse anstehende Personen Karten ausgegeben werden. Karten f\u00fcr weitere Personen k\u00f6nnen nicht verkauft werden, um die Lenkung der Besucherstr\u00f6me zu gew\u00e4hrleisten. Die durch den Gast erworbene Eintrittskarte gilt nur f\u00fcr das jeweilige Zeitfenster. Eine Mehrfachnutzung ist nicht m\u00f6glich.<\/p>\n<p><strong>Zudem d\u00fcrfen Kinder unter zehn Jahren das Bad nur in Begleitung einer vollj\u00e4hrigen Person betreten.<\/strong><\/p>\n<p>Auch in den Duschen und Sammelumkleidekabinen wird die erlaubte Personenzahl begrenzt. F\u00fcr eine Entlastung sollen hier drei Au\u00dfenduschen mit Warmwasser sorgen.<\/p>\n<p>F\u00fcr Kinder bedeuten die momentanen Vorkehrungen, dass sie in dieser Saison mehr R\u00fccksicht auf andere Schwimmer nehmen m\u00fcssen. So werden die Rutsche und das Sprungbrett ebenfalls nur eingeschr\u00e4nkt nutzbar sein. \u201eDas wilde Toben mit den besten Freunden im Schwimmbecken wird in diesem Jahr so leider nicht m\u00f6glich sein\u201c, erl\u00e4utert Betreiber Gehlhaar. Doch dies stelle eine gute Gelegenheit dar, sich mehr auf das Schwimmen zu konzentrieren und zum Beispiel f\u00fcr die Jugendschwimmabzeichen zu trainieren. Eine Abnahme der Abzeichen k\u00f6nne durch die Badeaufsicht erfolgen.<\/p>\n<p><strong>F\u00fcr alle Schwimmbegeisterten wird das Sole-Freibad in Bad Laer werktags von 6 bis 20 Uhr, samstags, sonn- und feiertags von 7 bis 19 Uhr ge\u00f6ffnet sein. Die morgendlichen Schwimmzeiten werden dabei den Jahreskarteninhabern vorbehalten sein.<\/strong><\/p>\n<p>W\u00e4hrend dieser \u00d6ffnungszeiten wartet auf die Besucher Schwimmvergn\u00fcgen in bis zu 2,5-prozentiger Sole aus der eigenen Quelle. In einem separaten Kinderbecken k\u00f6nnen auch die j\u00fcngsten Besucher planschen.<\/p>\n<p>Eine kleine Gesundheitsoase stellt der Sole-Inhalierpavillon mit 7,2-prozentiger Sole dar. Die integrierte Sole-Dusche bietet hier mit unbehandelter Natursole eine gesunde Erfrischung. Dank einer angenehmen Schwimmbeckentemperierung von etwa 27 \u00b0C f\u00fchlen sich k\u00e4lteempfindlichere Badeg\u00e4ste auch bei nordischen Au\u00dfentemperaturen wohl.&nbsp;<\/p>\n<p>F\u00fcr einen gelungenen Freibad-Aufenthalt wird auch das Bistro \u201eSole-Perle\u201c im Rahmen der derzeitigen M\u00f6glichleiten Eis, S\u00fc\u00dfigkeiten, Laugenbrezeln, Kaffeespezialit\u00e4ten und kalte Getr\u00e4nke zum Verkauf anbieten.<\/p>\n<p>Zudem h\u00e4lt das Sole-Freibad auch in diesem Jahr f\u00fcr seine Besucher weitere Vorteile bereit:<\/p>\n<p><strong>Vorteil f\u00fcr JAHRESKARTENINHABER<\/strong><\/p>\n<p>Inhaber von Dauerkarten erhalten bei Vorlage der aktuellen Saisonkarte 2020 bis zum 31.12.20 1,00&nbsp; Erm\u00e4\u00dfigung beim \u00f6ffentlichen Schwimmen im SoleVital.<\/p>\n<p><strong>HANSEFIT<\/strong><\/p>\n<p>Alle Mitglieder des Hansefitverbundes sind herzlich zum Schwimmen eingeladen. Das Sole-Freibad ist Partner von HANSEFIT.<\/p>\n<p><strong>ERM\u00c4SSIGUNGEN f\u00fcr folgende Karteninhaber<\/strong><\/p>\n<p>Giro-Live, RWE-Card, OS-Card<\/p>\n<p><strong>Auch f\u00fcr IHRE FIRMA<\/strong><\/p>\n<p>Gutscheine \u2013 der Gesundheitsbonus f\u00fcr Ihre Mitarbeiter!<\/p>\n<p>Die Gesundheit Ihrer Mitarbeiter liegt Ihnen am Herzen? Weitere Informationen direkt im Sole-Freibad.<\/p>\n<p><strong><em>Das Freibad-Team und die Gemeinde Bad Laer w\u00fcnschen allen Badeg\u00e4sten unter Einhaltung der entsprechenden Vorgaben eine unbeschwerte Freibad-Saison und freuen sich darauf, dank der getroffenen Hygienema\u00dfnahmen seine Besucher wieder willkommen hei\u00dfen zu d\u00fcrfen!<\/em><\/strong><\/p>\n<p>Die neue Haus- und Badeordnung sowie alle weiteren Informationen \u00fcber den Ablauf des Badebetriebes werden in dieser Saison unter www.solebadlaer.de, www.bad-laer.de sowie \u00fcber die g\u00e4ngigen sozialen Netzwerke ver\u00f6ffentlicht.<\/p>\n<p><strong>\u00d6ffnungszeitenfenster<\/strong><\/p>\n<p><strong>Montag bis Freitag (nicht an Feiertagen):<\/strong><\/p>\n<p>06.00 &#8211; 08.00 Uhr &nbsp;&nbsp;&nbsp;&nbsp;&nbsp; nur&nbsp; Inhaber einer Jahreskarte<\/p>\n<p>08.30 &#8211; 11.00 Uhr &nbsp;&nbsp;&nbsp;&nbsp;&nbsp; nur Inhaber einer Jahreskarte<\/p>\n<p>11.30 \u2013 14.00 Uhr&nbsp;&nbsp;&nbsp;&nbsp;&nbsp; allgemeiner Badebetrieb<\/p>\n<p>14.30 \u2013 17.00 Uhr&nbsp;&nbsp;&nbsp;&nbsp;&nbsp; allgemeiner Badebetrieb<\/p>\n<p>17.30 \u2013 20.00 Uhr&nbsp;&nbsp;&nbsp;&nbsp;&nbsp; allgemeiner Badebetrieb<\/p>\n<p><strong>Samstag, Sonntag und an Feiertagen<\/strong><\/p>\n<p>07.00 &#8211; 10.00 Uhr&nbsp;&nbsp;&nbsp;&nbsp;&nbsp;&nbsp; nur Inhaber einer Jahreskarte<\/p>\n<p>10.30 \u2013 13.00 Uhr&nbsp;&nbsp;&nbsp;&nbsp;&nbsp; allgemeiner Badebetrieb<\/p>\n<p>13.30 \u2013 16.00 Uhr&nbsp;&nbsp;&nbsp;&nbsp;&nbsp; allgemeiner Badebetrieb<\/p>\n<p>16.30 \u2013 19.00 Uhr&nbsp;&nbsp;&nbsp;&nbsp;&nbsp; allgemeiner Badebetrieb<\/p>\n<p><strong>Wiederer\u00f6ffnung des Sole-Freibads in Bad Laer: Die Saison startet am 28. Mai<\/strong><\/p>\n<p>Gute Nachrichten f\u00fcr Wasserratten: Aufgrund der angek\u00fcndigten Lockerungen der Corona-Schutzma\u00dfnahmen seitens der Nieders\u00e4chsischen Landesregierung beginnt die Freibadsaison im Bad Laerer Sole-Freibad am <strong>Donnerstag, den 28. Mai 2020,<\/strong> unter Vorbehalt der noch zu erwartenden neuen Verordnung.<\/p>\n<p>\u201eDas Team des Freibads und die Gemeindeverwaltung haben mit allen Kr\u00e4ften daran gearbeitet, den B\u00fcrgerinnen und B\u00fcrgern in Bad Laer auch unter den besonderen Umst\u00e4nden in diesem Jahr die Nutzung des Sole-Freibads zu erm\u00f6glichen\u201c, erkl\u00e4rt B\u00fcrgermeister Tobias Avermann. Da im allt\u00e4glichen Leben viele Sport- und Freizeitm\u00f6glichkeiten entfallen oder nur noch eingeschr\u00e4nkt nutzbar seien, sei es allen Beteiligten ein gro\u00dfes Anliegen gewesen, die Badeanstalt zug\u00e4nglich zu machen. \u201eHierf\u00fcr ist die Einhaltung wichtiger Auflagen zum Schutz vor Corona-Neuinfektionen unabdingbar. Wir bitten daher bei unseren G\u00e4sten um Verst\u00e4ndnis f\u00fcr die getroffenen Ma\u00dfnahmen\u201c, erg\u00e4nzt der Betreiber des Freibades Lars Gehlhaar.<\/p>\n<p>So wird aufgrund der geltenden Abstandsregelungen nur eine begrenzte Anzahl von G\u00e4sten zeitgleich im Sole-Freibad sein d\u00fcrfen. Um dies gew\u00e4hrleisten zu k\u00f6nnen, f\u00fchrt man in Bad Laer Zeitfenster f\u00fcr den Schwimmbadbesuch ein. Hierdurch soll es m\u00f6glichst vielen B\u00fcrgern und G\u00e4sten erm\u00f6glicht werden, das Freibad zu nutzen. 15 Minuten vor Ablaufen des jeweiligen Zeitfensters m\u00fcssen die G\u00e4ste das Wasser verlassen. Mit Ende des Zeitfensters verlassen alle G\u00e4ste die Badeanstalt.<\/p>\n<p>Zwischen den Schwimmzeiten wird es Pausen von 30 Minuten geben. Diese zeitlichen Unterbrechungen werden dazu genutzt, um im Bad eine Zwischenreinigung und eine Desinfektion durchzuf\u00fchren.<\/p>\n<p>Um f\u00fcr die gr\u00f6\u00dftm\u00f6gliche Sicherheit der k\u00fcnftigen Badeg\u00e4ste zu sorgen, wird dieses Vorgehen vorab anhand von Probedurchl\u00e4ufen erprobt.<\/p>\n<p>Auch auf den Kartenverkauf wird die derzeitige Situation Auswirkungen haben: <strong>Reservierungen jeglicher Art seien leider nicht m\u00f6glich<\/strong>, erkl\u00e4rt Gehlhaar. Eintrittskarten gelten personenbezogen und k\u00f6nnen nur direkt an der Kasse erworben werden. Das bedeutet, dass nur f\u00fcr direkt an der Kasse anstehende Personen Karten ausgegeben werden. Karten f\u00fcr weitere Personen k\u00f6nnen nicht verkauft werden, um die Lenkung der Besucherstr\u00f6me zu gew\u00e4hrleisten. Die durch den Gast erworbene Eintrittskarte gilt nur f\u00fcr das jeweilige Zeitfenster. Eine Mehrfachnutzung ist nicht m\u00f6glich.<\/p>\n<p><strong>Zudem d\u00fcrfen Kinder unter zehn Jahren das Bad nur in Begleitung einer vollj\u00e4hrigen Person betreten.<\/strong><\/p>\n<p>Auch in den Duschen und Sammelumkleidekabinen wird die erlaubte Personenzahl begrenzt. F\u00fcr eine Entlastung sollen hier drei Au\u00dfenduschen mit Warmwasser sorgen.<\/p>\n<p>F\u00fcr Kinder bedeuten die momentanen Vorkehrungen, dass sie in dieser Saison mehr R\u00fccksicht auf andere Schwimmer nehmen m\u00fcssen. So werden die Rutsche und das Sprungbrett ebenfalls nur eingeschr\u00e4nkt nutzbar sein. \u201eDas wilde Toben mit den besten Freunden im Schwimmbecken wird in diesem Jahr so leider nicht m\u00f6glich sein\u201c, erl\u00e4utert Betreiber Gehlhaar. Doch dies stelle eine gute Gelegenheit dar, sich mehr auf das Schwimmen zu konzentrieren und zum Beispiel f\u00fcr die Jugendschwimmabzeichen zu trainieren. Eine Abnahme der Abzeichen k\u00f6nne durch die Badeaufsicht erfolgen.<\/p>\n<p><strong>F\u00fcr alle Schwimmbegeisterten wird das Sole-Freibad in Bad Laer werktags von 6 bis 20 Uhr, samstags, sonn- und feiertags von 7 bis 19 Uhr ge\u00f6ffnet sein. Die morgendlichen Schwimmzeiten werden dabei den Jahreskarteninhabern vorbehalten sein.<\/strong><\/p>\n<p>W\u00e4hrend dieser \u00d6ffnungszeiten wartet auf die Besucher Schwimmvergn\u00fcgen in bis zu 2,5-prozentiger Sole aus der eigenen Quelle. In einem separaten Kinderbecken k\u00f6nnen auch die j\u00fcngsten Besucher planschen.<\/p>\n<p>Eine kleine Gesundheitsoase stellt der Sole-Inhalierpavillon mit 7,2-prozentiger Sole dar. Die integrierte Sole-Dusche bietet hier mit unbehandelter Natursole eine gesunde Erfrischung. Dank einer angenehmen Schwimmbeckentemperierung von etwa 27 \u00b0C f\u00fchlen sich k\u00e4lteempfindlichere Badeg\u00e4ste auch bei nordischen Au\u00dfentemperaturen wohl.&nbsp;<\/p>\n<p>F\u00fcr einen gelungenen Freibad-Aufenthalt wird auch das Bistro \u201eSole-Perle\u201c im Rahmen der derzeitigen M\u00f6glichleiten Eis, S\u00fc\u00dfigkeiten, Laugenbrezeln, Kaffeespezialit\u00e4ten und kalte Getr\u00e4nke zum Verkauf anbieten.<\/p>\n<p>Zudem h\u00e4lt das Sole-Freibad auch in diesem Jahr f\u00fcr seine Besucher weitere Vorteile bereit:<\/p>\n<p><strong>Vorteil f\u00fcr JAHRESKARTENINHABER<\/strong><\/p>\n<p>Inhaber von Dauerkarten erhalten bei Vorlage der aktuellen Saisonkarte 2020 bis zum 31.12.20 1,00&nbsp; Erm\u00e4\u00dfigung beim \u00f6ffentlichen Schwimmen im SoleVital.<\/p>\n<p><strong>HANSEFIT<\/strong><\/p>\n<p>Alle Mitglieder des Hansefitverbundes sind herzlich zum Schwimmen eingeladen. Das Sole-Freibad ist Partner von HANSEFIT.<\/p>\n<p><strong>ERM\u00c4SSIGUNGEN f\u00fcr folgende Karteninhaber<\/strong><\/p>\n<p>Giro-Live, RWE-Card, OS-Card<\/p>\n<p><strong>Auch f\u00fcr IHRE FIRMA<\/strong><\/p>\n<p>Gutscheine \u2013 der Gesundheitsbonus f\u00fcr Ihre Mitarbeiter!<\/p>\n<p>Die Gesundheit Ihrer Mitarbeiter liegt Ihnen am Herzen? Weitere Informationen direkt im Sole-Freibad.<\/p>\n<p><strong><em>Das Freibad-Team und die Gemeinde Bad Laer w\u00fcnschen allen Badeg\u00e4sten unter Einhaltung der entsprechenden Vorgaben eine unbeschwerte Freibad-Saison und freuen sich darauf, dank der getroffenen Hygienema\u00dfnahmen seine Besucher wieder willkommen hei\u00dfen zu d\u00fcrfen!<\/em><\/strong><\/p>\n<p>Die neue Haus- und Badeordnung sowie alle weiteren Informationen \u00fcber den Ablauf des Badebetriebes werden in dieser Saison unter www.solebadlaer.de, www.bad-laer.de sowie \u00fcber die g\u00e4ngigen sozialen Netzwerke ver\u00f6ffentlicht.<\/p>\n<p><strong>\u00d6ffnungszeitenfenster<\/strong><\/p>\n<p><strong>Montag bis Freitag (nicht an Feiertagen):<\/strong><\/p>\n<p>06.00 &#8211; 08.00 Uhr &nbsp;&nbsp;&nbsp;&nbsp;&nbsp; nur&nbsp; Inhaber einer Jahreskarte<\/p>\n<p>08.30 &#8211; 11.00 Uhr &nbsp;&nbsp;&nbsp;&nbsp;&nbsp; nur Inhaber einer Jahreskarte<\/p>\n<p>11.30 \u2013 14.00 Uhr&nbsp;&nbsp;&nbsp;&nbsp;&nbsp; allgemeiner Badebetrieb<\/p>\n<p>14.30 \u2013 17.00 Uhr&nbsp;&nbsp;&nbsp;&nbsp;&nbsp; allgemeiner Badebetrieb<\/p>\n<p>17.30 \u2013 20.00 Uhr&nbsp;&nbsp;&nbsp;&nbsp;&nbsp; allgemeiner Badebetrieb<\/p>\n<p><strong>Samstag, Sonntag und an Feiertagen<\/strong><\/p>\n<p>07.00 &#8211; 10.00 Uhr&nbsp;&nbsp;&nbsp;&nbsp;&nbsp;&nbsp; nur Inhaber einer Jahreskarte<\/p>\n<p>10.30 \u2013 13.00 Uhr&nbsp;&nbsp;&nbsp;&nbsp;&nbsp; allgemeiner Badebetrieb<\/p>\n<p>13.30 \u2013 16.00 Uhr&nbsp;&nbsp;&nbsp;&nbsp;&nbsp; allgemeiner Badebetrieb<\/p>\n<p>16.30 \u2013 19.00 Uhr&nbsp;&nbsp;&nbsp;&nbsp;&nbsp; allgemeiner Badebetrieb<\/p>\n<p><strong>Wiederer\u00f6ffnung des Sole-Freibads in Bad Laer: Die Saison startet am 28. Mai<\/strong><\/p>\n<p>Gute Nachrichten f\u00fcr Wasserratten: Aufgrund der angek\u00fcndigten Lockerungen der Corona-Schutzma\u00dfnahmen seitens der Nieders\u00e4chsischen Landesregierung beginnt die Freibadsaison im Bad Laerer Sole-Freibad am <strong>Donnerstag, den 28. Mai 2020,<\/strong> unter Vorbehalt der noch zu erwartenden neuen Verordnung.<\/p>\n<p>\u201eDas Team des Freibads und die Gemeindeverwaltung haben mit allen Kr\u00e4ften daran gearbeitet, den B\u00fcrgerinnen und B\u00fcrgern in Bad Laer auch unter den besonderen Umst\u00e4nden in diesem Jahr die Nutzung des Sole-Freibads zu erm\u00f6glichen\u201c, erkl\u00e4rt B\u00fcrgermeister Tobias Avermann. Da im allt\u00e4glichen Leben viele Sport- und Freizeitm\u00f6glichkeiten entfallen oder nur noch eingeschr\u00e4nkt nutzbar seien, sei es allen Beteiligten ein gro\u00dfes Anliegen gewesen, die Badeanstalt zug\u00e4nglich zu machen. \u201eHierf\u00fcr ist die Einhaltung wichtiger Auflagen zum Schutz vor Corona-Neuinfektionen unabdingbar. Wir bitten daher bei unseren G\u00e4sten um Verst\u00e4ndnis f\u00fcr die getroffenen Ma\u00dfnahmen\u201c, erg\u00e4nzt der Betreiber des Freibades Lars Gehlhaar.<\/p>\n<p>So wird aufgrund der geltenden Abstandsregelungen nur eine begrenzte Anzahl von G\u00e4sten zeitgleich im Sole-Freibad sein d\u00fcrfen. Um dies gew\u00e4hrleisten zu k\u00f6nnen, f\u00fchrt man in Bad Laer Zeitfenster f\u00fcr den Schwimmbadbesuch ein. Hierdurch soll es m\u00f6glichst vielen B\u00fcrgern und G\u00e4sten erm\u00f6glicht werden, das Freibad zu nutzen. 15 Minuten vor Ablaufen des jeweiligen Zeitfensters m\u00fcssen die G\u00e4ste das Wasser verlassen. Mit Ende des Zeitfensters verlassen alle G\u00e4ste die Badeanstalt.<\/p>\n<p>Zwischen den Schwimmzeiten wird es Pausen von 30 Minuten geben. Diese zeitlichen Unterbrechungen werden dazu genutzt, um im Bad eine Zwischenreinigung und eine Desinfektion durchzuf\u00fchren.<\/p>\n<p>Um f\u00fcr die gr\u00f6\u00dftm\u00f6gliche Sicherheit der k\u00fcnftigen Badeg\u00e4ste zu sorgen, wird dieses Vorgehen vorab anhand von Probedurchl\u00e4ufen erprobt.<\/p>\n<p>Auch auf den Kartenverkauf wird die derzeitige Situation Auswirkungen haben: <strong>Reservierungen jeglicher Art seien leider nicht m\u00f6glich<\/strong>, erkl\u00e4rt Gehlhaar. Eintrittskarten gelten personenbezogen und k\u00f6nnen nur direkt an der Kasse erworben werden. Das bedeutet, dass nur f\u00fcr direkt an der Kasse anstehende Personen Karten ausgegeben werden. Karten f\u00fcr weitere Personen k\u00f6nnen nicht verkauft werden, um die Lenkung der Besucherstr\u00f6me zu gew\u00e4hrleisten. Die durch den Gast erworbene Eintrittskarte gilt nur f\u00fcr das jeweilige Zeitfenster. Eine Mehrfachnutzung ist nicht m\u00f6glich.<\/p>\n<p><strong>Zudem d\u00fcrfen Kinder unter zehn Jahren das Bad nur in Begleitung einer vollj\u00e4hrigen Person betreten.<\/strong><\/p>\n<p>Auch in den Duschen und Sammelumkleidekabinen wird die erlaubte Personenzahl begrenzt. F\u00fcr eine Entlastung sollen hier drei Au\u00dfenduschen mit Warmwasser sorgen.<\/p>\n<p>F\u00fcr Kinder bedeuten die momentanen Vorkehrungen, dass sie in dieser Saison mehr R\u00fccksicht auf andere Schwimmer nehmen m\u00fcssen. So werden die Rutsche und das Sprungbrett ebenfalls nur eingeschr\u00e4nkt nutzbar sein. \u201eDas wilde Toben mit den besten Freunden im Schwimmbecken wird in diesem Jahr so leider nicht m\u00f6glich sein\u201c, erl\u00e4utert Betreiber Gehlhaar. Doch dies stelle eine gute Gelegenheit dar, sich mehr auf das Schwimmen zu konzentrieren und zum Beispiel f\u00fcr die Jugendschwimmabzeichen zu trainieren. Eine Abnahme der Abzeichen k\u00f6nne durch die Badeaufsicht erfolgen.<\/p>\n<p><strong>F\u00fcr alle Schwimmbegeisterten wird das Sole-Freibad in Bad Laer werktags von 6 bis 20 Uhr, samstags, sonn- und feiertags von 7 bis 19 Uhr ge\u00f6ffnet sein. Die morgendlichen Schwimmzeiten werden dabei den Jahreskarteninhabern vorbehalten sein.<\/strong><\/p>\n<p>W\u00e4hrend dieser \u00d6ffnungszeiten wartet auf die Besucher Schwimmvergn\u00fcgen in bis zu 2,5-prozentiger Sole aus der eigenen Quelle. In einem separaten Kinderbecken k\u00f6nnen auch die j\u00fcngsten Besucher planschen.<\/p>\n<p>Eine kleine Gesundheitsoase stellt der Sole-Inhalierpavillon mit 7,2-prozentiger Sole dar. Die integrierte Sole-Dusche bietet hier mit unbehandelter Natursole eine gesunde Erfrischung. Dank einer angenehmen Schwimmbeckentemperierung von etwa 27 \u00b0C f\u00fchlen sich k\u00e4lteempfindlichere Badeg\u00e4ste auch bei nordischen Au\u00dfentemperaturen wohl.&nbsp;<\/p>\n<p>F\u00fcr einen gelungenen Freibad-Aufenthalt wird auch das Bistro \u201eSole-Perle\u201c im Rahmen der derzeitigen M\u00f6glichleiten Eis, S\u00fc\u00dfigkeiten, Laugenbrezeln, Kaffeespezialit\u00e4ten und kalte Getr\u00e4nke zum Verkauf anbieten.<\/p>\n<p>Zudem h\u00e4lt das Sole-Freibad auch in diesem Jahr f\u00fcr seine Besucher weitere Vorteile bereit:<\/p>\n<p><strong>Vorteil f\u00fcr JAHRESKARTENINHABER<\/strong><\/p>\n<p>Inhaber von Dauerkarten erhalten bei Vorlage der aktuellen Saisonkarte 2020 bis zum 31.12.20 1,00&nbsp; Erm\u00e4\u00dfigung beim \u00f6ffentlichen Schwimmen im SoleVital.<\/p>\n<p><strong>HANSEFIT<\/strong><\/p>\n<p>Alle Mitglieder des Hansefitverbundes sind herzlich zum Schwimmen eingeladen. Das Sole-Freibad ist Partner von HANSEFIT.<\/p>\n<p><strong>ERM\u00c4SSIGUNGEN f\u00fcr folgende Karteninhaber<\/strong><\/p>\n<p>Giro-Live, RWE-Card, OS-Card<\/p>\n<p><strong>Auch f\u00fcr IHRE FIRMA<\/strong><\/p>\n<p>Gutscheine \u2013 der Gesundheitsbonus f\u00fcr Ihre Mitarbeiter!<\/p>\n<p>Die Gesundheit Ihrer Mitarbeiter liegt Ihnen am Herzen? Weitere Informationen direkt im Sole-Freibad.<\/p>\n<p><strong><em>Das Freibad-Team und die Gemeinde Bad Laer w\u00fcnschen allen Badeg\u00e4sten unter Einhaltung der entsprechenden Vorgaben eine unbeschwerte Freibad-Saison und freuen sich darauf, dank der getroffenen Hygienema\u00dfnahmen seine Besucher wieder willkommen hei\u00dfen zu d\u00fcrfen!<\/em><\/strong><\/p>\n<p>Die neue Haus- und Badeordnung sowie alle weiteren Informationen \u00fcber den Ablauf des Badebetriebes werden in dieser Saison unter www.solebadlaer.de, www.bad-laer.de sowie \u00fcber die g\u00e4ngigen sozialen Netzwerke ver\u00f6ffentlicht.<\/p>\n<p><strong>\u00d6ffnungszeitenfenster<\/strong><\/p>\n<p><strong>Montag bis Freitag (nicht an Feiertagen):<\/strong><\/p>\n<p>06.00 &#8211; 08.00 Uhr &nbsp;&nbsp;&nbsp;&nbsp;&nbsp; nur&nbsp; Inhaber einer Jahreskarte<\/p>\n<p>08.30 &#8211; 11.00 Uhr &nbsp;&nbsp;&nbsp;&nbsp;&nbsp; nur Inhaber einer Jahreskarte<\/p>\n<p>11.30 \u2013 14.00 Uhr&nbsp;&nbsp;&nbsp;&nbsp;&nbsp; allgemeiner Badebetrieb<\/p>\n<p>14.30 \u2013 17.00 Uhr&nbsp;&nbsp;&nbsp;&nbsp;&nbsp; allgemeiner Badebetrieb<\/p>\n<p>17.30 \u2013 20.00 Uhr&nbsp;&nbsp;&nbsp;&nbsp;&nbsp; allgemeiner Badebetrieb<\/p>\n<p><strong>Samstag, Sonntag und an Feiertagen<\/strong><\/p>\n<p>07.00 &#8211; 10.00 Uhr&nbsp;&nbsp;&nbsp;&nbsp;&nbsp;&nbsp; nur Inhaber einer Jahreskarte<\/p>\n<p>10.30 \u2013 13.00 Uhr&nbsp;&nbsp;&nbsp;&nbsp;&nbsp; allgemeiner Badebetrieb<\/p>\n<p>13.30 \u2013 16.00 Uhr&nbsp;&nbsp;&nbsp;&nbsp;&nbsp; allgemeiner Badebetrieb<\/p>\n<p>16.30 \u2013 19.00 Uhr&nbsp;&nbsp;&nbsp;&nbsp;&nbsp; allgemeiner Badebetrieb<\/p>\n","protected":false},"excerpt":{"rendered":"<p>Wiederer\u00f6ffnung des Sole-Freibads in Bad Laer: Die Saison startet am 28. Mai Gute Nachrichten f\u00fcr Wasserratten: Aufgrund der angek\u00fcndigten Lockerungen der Corona-Schutzma\u00dfnahmen seitens der Nieders\u00e4chsischen Landesregierung beginnt die Freibadsaison im Bad Laerer Sole-Freibad am Donnerstag, den 28. Mai 2020, unter &hellip; <a href=\"https:\/\/solebadlaer.de\/?page_id=555\">Weiterlesen <span class=\"meta-nav\">&rarr;<\/span><\/a><\/p>\n","protected":false},"author":2,"featured_media":0,"parent":0,"menu_order":0,"comment_status":"closed","ping_status":"closed","template":"","meta":{"ngg_post_thumbnail":0,"jetpack_post_was_ever_published":false,"footnotes":""},"class_list":["post-555","page","type-page","status-publish","hentry"],"jetpack_shortlink":"https:\/\/wp.me\/P4GklD-8X","jetpack_sharing_enabled":true,"_links":{"self":[{"href":"https:\/\/solebadlaer.de\/index.php?rest_route=\/wp\/v2\/pages\/555","targetHints":{"allow":["GET"]}}],"collection":[{"href":"https:\/\/solebadlaer.de\/index.php?rest_route=\/wp\/v2\/pages"}],"about":[{"href":"https:\/\/solebadlaer.de\/index.php?rest_route=\/wp\/v2\/types\/page"}],"author":[{"embeddable":true,"href":"https:\/\/solebadlaer.de\/index.php?rest_route=\/wp\/v2\/users\/2"}],"replies":[{"embeddable":true,"href":"https:\/\/solebadlaer.de\/index.php?rest_route=%2Fwp%2Fv2%2Fcomments&post=555"}],"version-history":[{"count":1,"href":"https:\/\/solebadlaer.de\/index.php?rest_route=\/wp\/v2\/pages\/555\/revisions"}],"predecessor-version":[{"id":557,"href":"https:\/\/solebadlaer.de\/index.php?rest_route=\/wp\/v2\/pages\/555\/revisions\/557"}],"wp:attachment":[{"href":"https:\/\/solebadlaer.de\/index.php?rest_route=%2Fwp%2Fv2%2Fmedia&parent=555"}],"curies":[{"name":"wp","href":"https:\/\/api.w.org\/{rel}","templated":true}]}}