{"id":933,"date":"2020-06-17T06:51:38","date_gmt":"2020-06-17T04:51:38","guid":{"rendered":"http:\/\/solebadlaer.de\/?page_id=933"},"modified":"2020-06-17T07:21:13","modified_gmt":"2020-06-17T05:21:13","slug":"fruehschwimmen-2","status":"publish","type":"page","link":"https:\/\/solebadlaer.de\/?page_id=933","title":{"rendered":"Fr\u00fchschwimmen"},"content":{"rendered":"<p>Wer fr\u00fch morgens h\u00e4ufiger zur gleichen Zeit ins Freibad kommt, der wird schnell die Gesichter der Fr\u00fchschwimmer wiedererkennen. Diese kommen jeden morgen immer zur gleichen Zeit ins Freibad &#8211; viele seit Jahren, manch einer schon seit Jahrzehnten.<\/p>\n<p>Diese spezielle Badegast l\u00e4sst sich weder von Temperaturen nahe dem Gefrierpunkt oder Regen abhalten &#8211; solange die Wassertemperatur stimmt. Da macht auch Corona keine Ausnahme. Lediglich Gewitter kann den Fr\u00fchschwimmer von seinem morgendlichen Vergn\u00fcgen abhalten.<\/p>\n<p>Anschlie\u00dfend wird dann gerne noch ein zusammen ein Kaffee getrunken und das im Wasser begonnene Gespr\u00e4ch zu Ende gef\u00fchrt &#8230;<\/p>\n<div class=\"wp-block-jetpack-slideshow aligncenter\" data-effect=\"slide\">\n<div class=\"wp-block-jetpack-slideshow_container swiper-container\">\n<ul class=\"wp-block-jetpack-slideshow_swiper-wrapper swiper-wrapper\">\n<li class=\"wp-block-jetpack-slideshow_slide swiper-slide\">\n<figure><img loading=\"lazy\" decoding=\"async\" width=\"1024\" height=\"768\" alt=\"\" class=\"wp-block-jetpack-slideshow_image wp-image-903\" data-id=\"903\" src=\"http:\/\/solebadlaer.de\/wordpress\/wp-content\/uploads\/2020\/06\/20200613_071629-1024x768.jpg\" srcset=\"https:\/\/solebadlaer.de\/wordpress\/wp-content\/uploads\/2020\/06\/20200613_071629-1024x768.jpg 1024w, https:\/\/solebadlaer.de\/wordpress\/wp-content\/uploads\/2020\/06\/20200613_071629-300x225.jpg 300w, https:\/\/solebadlaer.de\/wordpress\/wp-content\/uploads\/2020\/06\/20200613_071629-768x576.jpg 768w, https:\/\/solebadlaer.de\/wordpress\/wp-content\/uploads\/2020\/06\/20200613_071629-1536x1152.jpg 1536w, https:\/\/solebadlaer.de\/wordpress\/wp-content\/uploads\/2020\/06\/20200613_071629-2048x1536.jpg 2048w, https:\/\/solebadlaer.de\/wordpress\/wp-content\/uploads\/2020\/06\/20200613_071629-scaled.jpg 1920w\" sizes=\"(max-width: 1024px) 100vw, 1024px\" \/><figcaption class=\"wp-block-jetpack-slideshow_caption gallery-caption\">morgens kommen fast alle mit Badelatschen<\/figcaption><\/figure>\n<\/li>\n<li class=\"wp-block-jetpack-slideshow_slide swiper-slide\">\n<figure><img loading=\"lazy\" decoding=\"async\" width=\"1024\" height=\"576\" alt=\"\" class=\"wp-block-jetpack-slideshow_image wp-image-855\" data-id=\"855\" src=\"http:\/\/solebadlaer.de\/wordpress\/wp-content\/uploads\/2020\/06\/pfingstmontag3-1024x576.jpg\" srcset=\"https:\/\/solebadlaer.de\/wordpress\/wp-content\/uploads\/2020\/06\/pfingstmontag3-1024x576.jpg 1024w, https:\/\/solebadlaer.de\/wordpress\/wp-content\/uploads\/2020\/06\/pfingstmontag3-300x169.jpg 300w, https:\/\/solebadlaer.de\/wordpress\/wp-content\/uploads\/2020\/06\/pfingstmontag3-768x432.jpg 768w, https:\/\/solebadlaer.de\/wordpress\/wp-content\/uploads\/2020\/06\/pfingstmontag3-1536x864.jpg 1536w, https:\/\/solebadlaer.de\/wordpress\/wp-content\/uploads\/2020\/06\/pfingstmontag3-2048x1152.jpg 2048w, https:\/\/solebadlaer.de\/wordpress\/wp-content\/uploads\/2020\/06\/pfingstmontag3-scaled.jpg 1920w\" sizes=\"(max-width: 1024px) 100vw, 1024px\" \/><figcaption class=\"wp-block-jetpack-slideshow_caption gallery-caption\">Nat\u00fcrlich bevorzugt auch ein Fr\u00fchschwimmer sonniges Wetter<\/figcaption><\/figure>\n<\/li>\n<li class=\"wp-block-jetpack-slideshow_slide swiper-slide\">\n<figure><img loading=\"lazy\" decoding=\"async\" width=\"1024\" height=\"576\" alt=\"\" class=\"wp-block-jetpack-slideshow_image wp-image-907\" data-id=\"907\" src=\"http:\/\/solebadlaer.de\/wordpress\/wp-content\/uploads\/2020\/06\/20200614_171258-1024x576.jpg\" srcset=\"https:\/\/solebadlaer.de\/wordpress\/wp-content\/uploads\/2020\/06\/20200614_171258-1024x576.jpg 1024w, https:\/\/solebadlaer.de\/wordpress\/wp-content\/uploads\/2020\/06\/20200614_171258-300x169.jpg 300w, https:\/\/solebadlaer.de\/wordpress\/wp-content\/uploads\/2020\/06\/20200614_171258-768x432.jpg 768w, https:\/\/solebadlaer.de\/wordpress\/wp-content\/uploads\/2020\/06\/20200614_171258-1536x864.jpg 1536w, https:\/\/solebadlaer.de\/wordpress\/wp-content\/uploads\/2020\/06\/20200614_171258-2048x1152.jpg 2048w, https:\/\/solebadlaer.de\/wordpress\/wp-content\/uploads\/2020\/06\/20200614_171258-scaled.jpg 1920w\" sizes=\"(max-width: 1024px) 100vw, 1024px\" \/><figcaption class=\"wp-block-jetpack-slideshow_caption gallery-caption\">&#8230;l\u00e4\u00dft sich aber auch durch Regen nicht vom Schwimmen abbrigen<\/figcaption><\/figure>\n<\/li>\n<li class=\"wp-block-jetpack-slideshow_slide swiper-slide\">\n<figure><img loading=\"lazy\" decoding=\"async\" width=\"1024\" height=\"768\" alt=\"\" class=\"wp-block-jetpack-slideshow_image wp-image-929\" data-id=\"929\" src=\"http:\/\/solebadlaer.de\/wordpress\/wp-content\/uploads\/2020\/06\/corona2-1024x768.jpg\" srcset=\"https:\/\/solebadlaer.de\/wordpress\/wp-content\/uploads\/2020\/06\/corona2-1024x768.jpg 1024w, https:\/\/solebadlaer.de\/wordpress\/wp-content\/uploads\/2020\/06\/corona2-300x225.jpg 300w, https:\/\/solebadlaer.de\/wordpress\/wp-content\/uploads\/2020\/06\/corona2-768x576.jpg 768w, https:\/\/solebadlaer.de\/wordpress\/wp-content\/uploads\/2020\/06\/corona2-1536x1152.jpg 1536w, https:\/\/solebadlaer.de\/wordpress\/wp-content\/uploads\/2020\/06\/corona2.jpg 1920w\" sizes=\"(max-width: 1024px) 100vw, 1024px\" \/><figcaption class=\"wp-block-jetpack-slideshow_caption gallery-caption\">und Corona ???<\/figcaption><\/figure>\n<\/li>\n<li class=\"wp-block-jetpack-slideshow_slide swiper-slide\">\n<figure><img loading=\"lazy\" decoding=\"async\" width=\"1024\" height=\"768\" alt=\"\" class=\"wp-block-jetpack-slideshow_image wp-image-928\" data-id=\"928\" src=\"http:\/\/solebadlaer.de\/wordpress\/wp-content\/uploads\/2020\/06\/corona3-1024x768.jpg\" srcset=\"https:\/\/solebadlaer.de\/wordpress\/wp-content\/uploads\/2020\/06\/corona3-1024x768.jpg 1024w, https:\/\/solebadlaer.de\/wordpress\/wp-content\/uploads\/2020\/06\/corona3-300x225.jpg 300w, https:\/\/solebadlaer.de\/wordpress\/wp-content\/uploads\/2020\/06\/corona3-768x576.jpg 768w, https:\/\/solebadlaer.de\/wordpress\/wp-content\/uploads\/2020\/06\/corona3-1536x1152.jpg 1536w, https:\/\/solebadlaer.de\/wordpress\/wp-content\/uploads\/2020\/06\/corona3.jpg 1920w\" sizes=\"(max-width: 1024px) 100vw, 1024px\" \/><figcaption class=\"wp-block-jetpack-slideshow_caption gallery-caption\">Fr\u00fchschwimmer sind vorbereitet!<\/figcaption><\/figure>\n<\/li>\n<li class=\"wp-block-jetpack-slideshow_slide swiper-slide\">\n<figure><img loading=\"lazy\" decoding=\"async\" width=\"1024\" height=\"768\" alt=\"\" class=\"wp-block-jetpack-slideshow_image wp-image-906\" data-id=\"906\" src=\"http:\/\/solebadlaer.de\/wordpress\/wp-content\/uploads\/2020\/06\/20200613_070618-1024x768.jpg\" srcset=\"https:\/\/solebadlaer.de\/wordpress\/wp-content\/uploads\/2020\/06\/20200613_070618-1024x768.jpg 1024w, https:\/\/solebadlaer.de\/wordpress\/wp-content\/uploads\/2020\/06\/20200613_070618-300x225.jpg 300w, https:\/\/solebadlaer.de\/wordpress\/wp-content\/uploads\/2020\/06\/20200613_070618-768x576.jpg 768w, https:\/\/solebadlaer.de\/wordpress\/wp-content\/uploads\/2020\/06\/20200613_070618-1536x1152.jpg 1536w, https:\/\/solebadlaer.de\/wordpress\/wp-content\/uploads\/2020\/06\/20200613_070618-2048x1536.jpg 2048w, https:\/\/solebadlaer.de\/wordpress\/wp-content\/uploads\/2020\/06\/20200613_070618-scaled.jpg 1920w\" sizes=\"(max-width: 1024px) 100vw, 1024px\" \/><figcaption class=\"wp-block-jetpack-slideshow_caption gallery-caption\">Bestes Wetter am Freitagmorgen. Da gibt es den Fr\u00fchschwimmer Kaffee in der Sonne<\/figcaption><\/figure>\n<\/li>\n<li class=\"wp-block-jetpack-slideshow_slide swiper-slide\">\n<figure><img loading=\"lazy\" decoding=\"async\" width=\"1024\" height=\"576\" alt=\"\" class=\"wp-block-jetpack-slideshow_image wp-image-902\" data-id=\"902\" src=\"http:\/\/solebadlaer.de\/wordpress\/wp-content\/uploads\/2020\/06\/20200613_071707-1024x576.jpg\" srcset=\"https:\/\/solebadlaer.de\/wordpress\/wp-content\/uploads\/2020\/06\/20200613_071707-1024x576.jpg 1024w, https:\/\/solebadlaer.de\/wordpress\/wp-content\/uploads\/2020\/06\/20200613_071707-300x169.jpg 300w, https:\/\/solebadlaer.de\/wordpress\/wp-content\/uploads\/2020\/06\/20200613_071707-768x432.jpg 768w, https:\/\/solebadlaer.de\/wordpress\/wp-content\/uploads\/2020\/06\/20200613_071707-1536x864.jpg 1536w, https:\/\/solebadlaer.de\/wordpress\/wp-content\/uploads\/2020\/06\/20200613_071707-2048x1152.jpg 2048w, https:\/\/solebadlaer.de\/wordpress\/wp-content\/uploads\/2020\/06\/20200613_071707-scaled.jpg 1920w\" sizes=\"(max-width: 1024px) 100vw, 1024px\" \/><figcaption class=\"wp-block-jetpack-slideshow_caption gallery-caption\">ein Geburtstagsvideo wird am fr\u00fchen morgen aufgenommen (alles gute zum 50. Mecki)<\/figcaption><\/figure>\n<\/li>\n<li class=\"wp-block-jetpack-slideshow_slide swiper-slide\">\n<figure><img loading=\"lazy\" decoding=\"async\" width=\"1024\" height=\"768\" alt=\"\" class=\"wp-block-jetpack-slideshow_image wp-image-905\" data-id=\"905\" src=\"http:\/\/solebadlaer.de\/wordpress\/wp-content\/uploads\/2020\/06\/20200613_070628-1024x768.jpg\" srcset=\"https:\/\/solebadlaer.de\/wordpress\/wp-content\/uploads\/2020\/06\/20200613_070628-1024x768.jpg 1024w, https:\/\/solebadlaer.de\/wordpress\/wp-content\/uploads\/2020\/06\/20200613_070628-300x225.jpg 300w, https:\/\/solebadlaer.de\/wordpress\/wp-content\/uploads\/2020\/06\/20200613_070628-768x576.jpg 768w, https:\/\/solebadlaer.de\/wordpress\/wp-content\/uploads\/2020\/06\/20200613_070628-1536x1152.jpg 1536w, https:\/\/solebadlaer.de\/wordpress\/wp-content\/uploads\/2020\/06\/20200613_070628-2048x1536.jpg 2048w, https:\/\/solebadlaer.de\/wordpress\/wp-content\/uploads\/2020\/06\/20200613_070628-scaled.jpg 1920w\" sizes=\"(max-width: 1024px) 100vw, 1024px\" \/><figcaption class=\"wp-block-jetpack-slideshow_caption gallery-caption\">Fr\u00fchschwimmen (gegen 6:30 Uhr)<\/figcaption><\/figure>\n<\/li>\n<li class=\"wp-block-jetpack-slideshow_slide swiper-slide\">\n<figure><img loading=\"lazy\" decoding=\"async\" width=\"1024\" height=\"768\" alt=\"\" class=\"wp-block-jetpack-slideshow_image wp-image-841\" data-id=\"841\" src=\"http:\/\/solebadlaer.de\/wordpress\/wp-content\/uploads\/2020\/05\/Samtagabend3-1024x768.jpg\" srcset=\"https:\/\/solebadlaer.de\/wordpress\/wp-content\/uploads\/2020\/05\/Samtagabend3-1024x768.jpg 1024w, https:\/\/solebadlaer.de\/wordpress\/wp-content\/uploads\/2020\/05\/Samtagabend3-300x225.jpg 300w, https:\/\/solebadlaer.de\/wordpress\/wp-content\/uploads\/2020\/05\/Samtagabend3-768x576.jpg 768w, https:\/\/solebadlaer.de\/wordpress\/wp-content\/uploads\/2020\/05\/Samtagabend3-1536x1152.jpg 1536w, https:\/\/solebadlaer.de\/wordpress\/wp-content\/uploads\/2020\/05\/Samtagabend3-2048x1536.jpg 2048w, https:\/\/solebadlaer.de\/wordpress\/wp-content\/uploads\/2020\/05\/Samtagabend3-scaled.jpg 1920w\" sizes=\"(max-width: 1024px) 100vw, 1024px\" \/><figcaption class=\"wp-block-jetpack-slideshow_caption gallery-caption\">Fr\u00fchschwimmen im Mai<\/figcaption><\/figure>\n<\/li>\n<li class=\"wp-block-jetpack-slideshow_slide swiper-slide\">\n<figure><img loading=\"lazy\" decoding=\"async\" width=\"1024\" height=\"768\" alt=\"\" class=\"wp-block-jetpack-slideshow_image wp-image-840\" data-id=\"840\" src=\"http:\/\/solebadlaer.de\/wordpress\/wp-content\/uploads\/2020\/05\/Samtagabend2-1024x768.jpg\" srcset=\"https:\/\/solebadlaer.de\/wordpress\/wp-content\/uploads\/2020\/05\/Samtagabend2-1024x768.jpg 1024w, https:\/\/solebadlaer.de\/wordpress\/wp-content\/uploads\/2020\/05\/Samtagabend2-300x225.jpg 300w, https:\/\/solebadlaer.de\/wordpress\/wp-content\/uploads\/2020\/05\/Samtagabend2-768x576.jpg 768w, https:\/\/solebadlaer.de\/wordpress\/wp-content\/uploads\/2020\/05\/Samtagabend2-1536x1152.jpg 1536w, https:\/\/solebadlaer.de\/wordpress\/wp-content\/uploads\/2020\/05\/Samtagabend2-2048x1536.jpg 2048w, https:\/\/solebadlaer.de\/wordpress\/wp-content\/uploads\/2020\/05\/Samtagabend2-scaled.jpg 1920w\" sizes=\"(max-width: 1024px) 100vw, 1024px\" \/><figcaption class=\"wp-block-jetpack-slideshow_caption gallery-caption\">Wolken \u00fcber den Fr\u00fchschwimmern<\/figcaption><\/figure>\n<\/li>\n<li class=\"wp-block-jetpack-slideshow_slide swiper-slide\">\n<figure><img loading=\"lazy\" decoding=\"async\" width=\"1024\" height=\"576\" alt=\"\" class=\"wp-block-jetpack-slideshow_image wp-image-824\" data-id=\"824\" src=\"http:\/\/solebadlaer.de\/wordpress\/wp-content\/uploads\/2020\/05\/fr\u00fchschwimmen3-1024x576.jpg\" srcset=\"https:\/\/solebadlaer.de\/wordpress\/wp-content\/uploads\/2020\/05\/fr\u00fchschwimmen3-1024x576.jpg 1024w, https:\/\/solebadlaer.de\/wordpress\/wp-content\/uploads\/2020\/05\/fr\u00fchschwimmen3-300x169.jpg 300w, https:\/\/solebadlaer.de\/wordpress\/wp-content\/uploads\/2020\/05\/fr\u00fchschwimmen3-768x432.jpg 768w, https:\/\/solebadlaer.de\/wordpress\/wp-content\/uploads\/2020\/05\/fr\u00fchschwimmen3-1536x864.jpg 1536w, https:\/\/solebadlaer.de\/wordpress\/wp-content\/uploads\/2020\/05\/fr\u00fchschwimmen3-2048x1152.jpg 2048w, https:\/\/solebadlaer.de\/wordpress\/wp-content\/uploads\/2020\/05\/fr\u00fchschwimmen3-scaled.jpg 1920w\" sizes=\"(max-width: 1024px) 100vw, 1024px\" \/><figcaption class=\"wp-block-jetpack-slideshow_caption gallery-caption\">Fr\u00fchschwimmen im Mai<\/figcaption><\/figure>\n<\/li>\n<\/ul>\n<p><a class=\"wp-block-jetpack-slideshow_button-prev swiper-button-prev swiper-button-white\" role=\"button\"><\/a><a class=\"wp-block-jetpack-slideshow_button-next swiper-button-next swiper-button-white\" role=\"button\"><\/a><a aria-label=\"Pause Slideshow\" class=\"wp-block-jetpack-slideshow_button-pause\" role=\"button\"><\/a><\/p>\n<div class=\"wp-block-jetpack-slideshow_pagination swiper-pagination swiper-pagination-white\"><\/div>\n<\/div>\n<\/div>\n","protected":false},"excerpt":{"rendered":"<p>Wer fr\u00fch morgens h\u00e4ufiger zur gleichen Zeit ins Freibad kommt, der wird schnell die Gesichter der Fr\u00fchschwimmer wiedererkennen. Diese kommen jeden morgen immer zur gleichen Zeit ins Freibad &#8211; viele seit Jahren, manch einer schon seit Jahrzehnten. Diese spezielle Badegast &hellip; <a href=\"https:\/\/solebadlaer.de\/?page_id=933\">Weiterlesen <span class=\"meta-nav\">&rarr;<\/span><\/a><\/p>\n","protected":false},"author":2,"featured_media":0,"parent":0,"menu_order":0,"comment_status":"closed","ping_status":"closed","template":"","meta":{"ngg_post_thumbnail":0,"jetpack_post_was_ever_published":false,"footnotes":""},"class_list":["post-933","page","type-page","status-publish","hentry"],"jetpack_shortlink":"https:\/\/wp.me\/P4GklD-f3","jetpack_sharing_enabled":true,"_links":{"self":[{"href":"https:\/\/solebadlaer.de\/index.php?rest_route=\/wp\/v2\/pages\/933","targetHints":{"allow":["GET"]}}],"collection":[{"href":"https:\/\/solebadlaer.de\/index.php?rest_route=\/wp\/v2\/pages"}],"about":[{"href":"https:\/\/solebadlaer.de\/index.php?rest_route=\/wp\/v2\/types\/page"}],"author":[{"embeddable":true,"href":"https:\/\/solebadlaer.de\/index.php?rest_route=\/wp\/v2\/users\/2"}],"replies":[{"embeddable":true,"href":"https:\/\/solebadlaer.de\/index.php?rest_route=%2Fwp%2Fv2%2Fcomments&post=933"}],"version-history":[{"count":4,"href":"https:\/\/solebadlaer.de\/index.php?rest_route=\/wp\/v2\/pages\/933\/revisions"}],"predecessor-version":[{"id":941,"href":"https:\/\/solebadlaer.de\/index.php?rest_route=\/wp\/v2\/pages\/933\/revisions\/941"}],"wp:attachment":[{"href":"https:\/\/solebadlaer.de\/index.php?rest_route=%2Fwp%2Fv2%2Fmedia&parent=933"}],"curies":[{"name":"wp","href":"https:\/\/api.w.org\/{rel}","templated":true}]}}